{"id":20,"date":"2024-06-17T09:48:16","date_gmt":"2024-06-17T09:48:16","guid":{"rendered":"https:\/\/sinidavies.com\/?page_id=20"},"modified":"2024-11-21T19:42:08","modified_gmt":"2024-11-21T19:42:08","slug":"sini-davies","status":"publish","type":"page","link":"https:\/\/sinidavies.com\/fi\/","title":{"rendered":"Sini Davies"},"content":{"rendered":"<h2 class=\"alignwide wp-block-post-title has-x-large-font-size\">Sini Davies<\/h2>\n\n\n<div class=\"wp-block-columns alignwide is-layout-flex wp-container-core-columns-is-layout-7fc3d43a wp-block-columns-is-layout-flex\">\n<div class=\"wp-block-column is-layout-flow wp-block-column-is-layout-flow\">\n<div class=\"wp-block-group wp-container-content-663c14dd is-vertical is-layout-flex wp-container-core-group-is-layout-c35747d5 wp-block-group-is-layout-flex\">\n<p>Kasvatustieteen tutkijatohtori, Helsingin yliopisto, kasvatustieteellinen tiedekunta<\/p>\n\n\n\n<p class=\"translation-block\">Olen uutta luovan oppimisen, teknologiakasvatuksen ja k\u00e4sity\u00f6n tutkija ja asiantuntija. Ty\u00f6skentelen t\u00e4ll\u00e4 hetkell\u00e4 Suomen akatemian strategisen tutkimuksen neuvoston (STN) rahoittamassa Generation AI -tutkimushankkeessa.<\/p>\n\n\n\n<p style=\"margin-top:0;margin-bottom:0\" class=\"translation-block\">Tutkimustoimintani keski\u00f6ss\u00e4 erityisesti uusien teknologioiden, kuten teko\u00e4lyn, robotiikan ja erilaisten ohjelmoitavien laitteiden ymp\u00e4rill\u00e4 ja niiden kautta tapahtuva uutta tietoa luova, yhteis\u00f6llinen oppiminen. Kehit\u00e4n my\u00f6s aktiivisesti videoaineistojen visuaalisia analyysimenetelmi\u00e4.<\/p>\n<\/div>\n<\/div>\n\n\n\n<div class=\"wp-block-column is-layout-flow wp-block-column-is-layout-flow\" style=\"flex-basis:25%\">\n<div class=\"wp-block-uagb-image uagb-block-a9a6c636 wp-block-uagb-image--layout-default wp-block-uagb-image--effect-static wp-block-uagb-image--align-none\"><figure class=\"wp-block-uagb-image__figure\"><img decoding=\"async\" srcset=\"https:\/\/sinidavies.com\/wp-content\/uploads\/2024\/06\/Sini-Davies.jpg 582w, https:\/\/sinidavies.com\/wp-content\/uploads\/2024\/06\/Sini-Davies-300x300.jpg 300w, https:\/\/sinidavies.com\/wp-content\/uploads\/2024\/06\/Sini-Davies-150x150.jpg 150w\" sizes=\"auto, (max-width: 480px) 150px\" src=\"https:\/\/sinidavies.com\/wp-content\/uploads\/2024\/06\/Sini-Davies.jpg\" alt=\"\" class=\"uag-image-575\" width=\"582\" height=\"582\" title=\"Sini Davies\" loading=\"lazy\" role=\"img\"\/><\/figure><\/div>\n<\/div>\n<\/div>\n\n\n\n<div class=\"wp-block-uagb-container uagb-block-0b43728c default uagb-is-root-container\">\n<div class=\"wp-block-uagb-container uagb-block-d83f04eb\">\n<figure class=\"wp-block-image size-medium\"><a href=\"https:\/\/www.helsinki.fi\/en\/faculty-educational-sciences\" target=\"_blank\" rel=\"noreferrer noopener\"><img decoding=\"async\" width=\"300\" height=\"286\" src=\"https:\/\/sinidavies.com\/wp-content\/uploads\/2024\/06\/HY__LP02_kasvaP_3L_B3___RGB-300x286.png\" alt=\"University of Helsinki - Faculty of Educational Sciences\" class=\"wp-image-77\" style=\"object-fit:cover\" srcset=\"https:\/\/sinidavies.com\/wp-content\/uploads\/2024\/06\/HY__LP02_kasvaP_3L_B3___RGB-300x286.png 300w, https:\/\/sinidavies.com\/wp-content\/uploads\/2024\/06\/HY__LP02_kasvaP_3L_B3___RGB-1024x976.png 1024w, https:\/\/sinidavies.com\/wp-content\/uploads\/2024\/06\/HY__LP02_kasvaP_3L_B3___RGB-768x732.png 768w, https:\/\/sinidavies.com\/wp-content\/uploads\/2024\/06\/HY__LP02_kasvaP_3L_B3___RGB-1536x1463.png 1536w, https:\/\/sinidavies.com\/wp-content\/uploads\/2024\/06\/HY__LP02_kasvaP_3L_B3___RGB.png 1905w\" sizes=\"(max-width: 300px) 100vw, 300px\" \/><\/a><\/figure>\n<\/div>\n\n\n\n<div class=\"wp-block-uagb-container uagb-block-6d5e33cc\">\n<figure class=\"wp-block-image size-large\"><a href=\"https:\/\/www.generation-ai-stn.fi\" target=\"_blank\" rel=\"noreferrer noopener\"><img decoding=\"async\" width=\"1024\" height=\"234\" src=\"https:\/\/sinidavies.com\/wp-content\/uploads\/2024\/06\/generation-AI-logo-teksti-1024x234.png\" alt=\"Generation AI\" class=\"wp-image-28\" style=\"object-fit:cover\" srcset=\"https:\/\/sinidavies.com\/wp-content\/uploads\/2024\/06\/generation-AI-logo-teksti-1024x234.png 1024w, https:\/\/sinidavies.com\/wp-content\/uploads\/2024\/06\/generation-AI-logo-teksti-300x69.png 300w, https:\/\/sinidavies.com\/wp-content\/uploads\/2024\/06\/generation-AI-logo-teksti-768x176.png 768w, https:\/\/sinidavies.com\/wp-content\/uploads\/2024\/06\/generation-AI-logo-teksti-1536x351.png 1536w, https:\/\/sinidavies.com\/wp-content\/uploads\/2024\/06\/generation-AI-logo-teksti.png 1750w\" sizes=\"(max-width: 1024px) 100vw, 1024px\" \/><\/a><\/figure>\n<\/div>\n<\/div>\n\n\n\n<div class=\"wp-block-uagb-container uagb-block-54b6edd3 alignfull uagb-is-root-container\"><div class=\"uagb-container-inner-blocks-wrap\">\n<div class=\"wp-block-group alignwide is-nowrap is-layout-flex wp-container-core-group-is-layout-117f5015 wp-block-group-is-layout-flex\" style=\"margin-top:0;margin-bottom:0;padding-top:0;padding-right:0;padding-bottom:0;padding-left:0\"><p style=\"padding-right:0;padding-left:0;margin-top:0;margin-bottom:0;margin-left:0;margin-right:0;\" class=\"aligncenter is-style-default wp-block-tag-cloud\"><a href=\"https:\/\/sinidavies.com\/fi\/tag\/apparel-design\/\" class=\"tag-cloud-link tag-link-49 tag-link-position-1\" style=\"font-size: 11.24pt;\" aria-label=\"apparel design (2 kohdetta)\">vaatesuunnittelu<\/a>\n<a href=\"https:\/\/sinidavies.com\/fi\/tag\/artificial-intelligence\/\" class=\"tag-cloud-link tag-link-27 tag-link-position-2\" style=\"font-size: 11.24pt;\" aria-label=\"artificial intelligence (2 kohdetta)\">teko\u00e4ly<\/a>\n<a href=\"https:\/\/sinidavies.com\/fi\/tag\/co-creation\/\" class=\"tag-cloud-link tag-link-47 tag-link-position-3\" style=\"font-size: 8pt;\" aria-label=\"co-creation (1 kohde)\">yhteissuunnittelu<\/a>\n<a href=\"https:\/\/sinidavies.com\/fi\/tag\/collaborative-design\/\" class=\"tag-cloud-link tag-link-56 tag-link-position-4\" style=\"font-size: 8pt;\" aria-label=\"collaborative design (1 kohde)\">yhteis\u00f6llinen suunnittelu<\/a>\n<a href=\"https:\/\/sinidavies.com\/fi\/tag\/collaborative-learning\/\" class=\"tag-cloud-link tag-link-25 tag-link-position-5\" style=\"font-size: 24.2pt;\" aria-label=\"collaborative learning (15 kohdetta)\">yhteis\u00f6llinen oppiminen<\/a>\n<a href=\"https:\/\/sinidavies.com\/fi\/tag\/computational-thinking\/\" class=\"tag-cloud-link tag-link-45 tag-link-position-6\" style=\"font-size: 8pt;\" aria-label=\"computational thinking (1 kohde)\">ohjelmoinnillinen ajattelu<\/a>\n<a href=\"https:\/\/sinidavies.com\/fi\/tag\/constructionism\/\" class=\"tag-cloud-link tag-link-30 tag-link-position-7\" style=\"font-size: 8pt;\" aria-label=\"constructionism (1 kohde)\">konstruktivismi<\/a>\n<a href=\"https:\/\/sinidavies.com\/fi\/tag\/craft\/\" class=\"tag-cloud-link tag-link-40 tag-link-position-8\" style=\"font-size: 13.4pt;\" aria-label=\"craft (3 kohdetta)\">k\u00e4sity\u00f6<\/a>\n<a href=\"https:\/\/sinidavies.com\/fi\/tag\/cross-age-peer-tutoring\/\" class=\"tag-cloud-link tag-link-20 tag-link-position-9\" style=\"font-size: 15.2pt;\" aria-label=\"cross-age peer tutoring (4 kohdetta)\">tutoroppilastoiminta<\/a>\n<a href=\"https:\/\/sinidavies.com\/fi\/tag\/design\/\" class=\"tag-cloud-link tag-link-41 tag-link-position-10\" style=\"font-size: 16.64pt;\" aria-label=\"design (5 kohdetta)\">suunnittelu<\/a>\n<a href=\"https:\/\/sinidavies.com\/fi\/tag\/design-based-research\/\" class=\"tag-cloud-link tag-link-59 tag-link-position-11\" style=\"font-size: 8pt;\" aria-label=\"design-based research (1 kohde)\">kehitt\u00e4mistutkimus<\/a>\n<a href=\"https:\/\/sinidavies.com\/fi\/tag\/design-and-making\/\" class=\"tag-cloud-link tag-link-245 tag-link-position-12\" style=\"font-size: 8pt;\" aria-label=\"design and making (1 kohde)\">design and making<\/a>\n<a href=\"https:\/\/sinidavies.com\/fi\/tag\/design-practices\/\" class=\"tag-cloud-link tag-link-31 tag-link-position-13\" style=\"font-size: 8pt;\" aria-label=\"design practices (1 kohde)\">suunnitteluk\u00e4yt\u00e4nteet<\/a>\n<a href=\"https:\/\/sinidavies.com\/fi\/tag\/digital-design-methods\/\" class=\"tag-cloud-link tag-link-57 tag-link-position-14\" style=\"font-size: 8pt;\" aria-label=\"digital design methods (1 kohde)\">digitaaliset suunnittelumenetelm\u00e4t<\/a>\n<a href=\"https:\/\/sinidavies.com\/fi\/tag\/ecollage\/\" class=\"tag-cloud-link tag-link-58 tag-link-position-15\" style=\"font-size: 11.24pt;\" aria-label=\"eCollage (2 kohdetta)\">e-kollaasi<\/a>\n<a href=\"https:\/\/sinidavies.com\/fi\/tag\/emotions\/\" class=\"tag-cloud-link tag-link-51 tag-link-position-16\" style=\"font-size: 8pt;\" aria-label=\"emotions (1 kohde)\">tunteet<\/a>\n<a href=\"https:\/\/sinidavies.com\/fi\/tag\/engineering\/\" class=\"tag-cloud-link tag-link-42 tag-link-position-17\" style=\"font-size: 8pt;\" aria-label=\"engineering (1 kohde)\">insin\u00f6\u00f6ritaidot<\/a>\n<a href=\"https:\/\/sinidavies.com\/fi\/tag\/engineering-practices\/\" class=\"tag-cloud-link tag-link-32 tag-link-position-18\" style=\"font-size: 8pt;\" aria-label=\"engineering practices (1 kohde)\">insin\u00f6\u00f6rik\u00e4yt\u00e4nteet<\/a>\n<a href=\"https:\/\/sinidavies.com\/fi\/tag\/epistemic-doubt\/\" class=\"tag-cloud-link tag-link-28 tag-link-position-19\" style=\"font-size: 8pt;\" aria-label=\"epistemic doubt (1 kohde)\">episteeminen ep\u00e4ily<\/a>\n<a href=\"https:\/\/sinidavies.com\/fi\/tag\/epistemic-fluency\/\" class=\"tag-cloud-link tag-link-29 tag-link-position-20\" style=\"font-size: 8pt;\" aria-label=\"epistemic fluency (1 kohde)\">episteeminen sujuvuus<\/a>\n<a href=\"https:\/\/sinidavies.com\/fi\/tag\/epistemic-objects\/\" class=\"tag-cloud-link tag-link-11 tag-link-position-21\" style=\"font-size: 19.7pt;\" aria-label=\"epistemic objects (8 kohdetta)\">episteemiset kohteet<\/a>\n<a href=\"https:\/\/sinidavies.com\/fi\/tag\/epistemic-practices\/\" class=\"tag-cloud-link tag-link-9 tag-link-position-22\" style=\"font-size: 11.24pt;\" aria-label=\"epistemic practices (2 kohdetta)\">episteemiset k\u00e4yt\u00e4nteet<\/a>\n<a href=\"https:\/\/sinidavies.com\/fi\/tag\/ideation\/\" class=\"tag-cloud-link tag-link-54 tag-link-position-23\" style=\"font-size: 15.2pt;\" aria-label=\"ideation (4 kohdetta)\">ideointi<\/a>\n<a href=\"https:\/\/sinidavies.com\/fi\/tag\/inclusion\/\" class=\"tag-cloud-link tag-link-66 tag-link-position-24\" style=\"font-size: 8pt;\" aria-label=\"inclusion (1 kohde)\">inkluusio<\/a>\n<a href=\"https:\/\/sinidavies.com\/fi\/tag\/inspiration\/\" class=\"tag-cloud-link tag-link-55 tag-link-position-25\" style=\"font-size: 8pt;\" aria-label=\"inspiration (1 kohde)\">inspiraatio<\/a>\n<a href=\"https:\/\/sinidavies.com\/fi\/tag\/invention-pedagogy\/\" class=\"tag-cloud-link tag-link-14 tag-link-position-26\" style=\"font-size: 26pt;\" aria-label=\"invention pedagogy (19 kohdetta)\">keksimisen pedagogiikka<\/a>\n<a href=\"https:\/\/sinidavies.com\/fi\/tag\/k-12-education\/\" class=\"tag-cloud-link tag-link-243 tag-link-position-27\" style=\"font-size: 8pt;\" aria-label=\"K-12 education (1 kohde)\">K-12 education<\/a>\n<a href=\"https:\/\/sinidavies.com\/fi\/tag\/knowledge-creation\/\" class=\"tag-cloud-link tag-link-8 tag-link-position-28\" style=\"font-size: 25.28pt;\" aria-label=\"knowledge creation (17 kohdetta)\">tiedon luominen<\/a>\n<a href=\"https:\/\/sinidavies.com\/fi\/tag\/learning-by-making\/\" class=\"tag-cloud-link tag-link-33 tag-link-position-29\" style=\"font-size: 8pt;\" aria-label=\"learning by making (1 kohde)\">tekemisen kautta oppiminen<\/a>\n<a href=\"https:\/\/sinidavies.com\/fi\/tag\/maker-centred-learning\/\" class=\"tag-cloud-link tag-link-35 tag-link-position-30\" style=\"font-size: 21.32pt;\" aria-label=\"maker-centred learning (10 kohdetta)\">maker-oppiminen<\/a>\n<a href=\"https:\/\/sinidavies.com\/fi\/tag\/maker-culture\/\" class=\"tag-cloud-link tag-link-64 tag-link-position-31\" style=\"font-size: 8pt;\" aria-label=\"maker culture (1 kohde)\">maker culture<\/a>\n<a href=\"https:\/\/sinidavies.com\/fi\/tag\/maker-education\/\" class=\"tag-cloud-link tag-link-53 tag-link-position-32\" style=\"font-size: 16.64pt;\" aria-label=\"maker education (5 kohdetta)\">luova teknologiakasvatus<\/a>\n<a href=\"https:\/\/sinidavies.com\/fi\/tag\/maker-practices\/\" class=\"tag-cloud-link tag-link-13 tag-link-position-33\" style=\"font-size: 8pt;\" aria-label=\"maker practices (1 kohde)\">luovat k\u00e4yt\u00e4nteet<\/a>\n<a href=\"https:\/\/sinidavies.com\/fi\/tag\/material-mediation\/\" class=\"tag-cloud-link tag-link-34 tag-link-position-34\" style=\"font-size: 11.24pt;\" aria-label=\"material mediation (2 kohdetta)\">materiaaliv\u00e4litteisyys<\/a>\n<a href=\"https:\/\/sinidavies.com\/fi\/tag\/motivation\/\" class=\"tag-cloud-link tag-link-68 tag-link-position-35\" style=\"font-size: 8pt;\" aria-label=\"motivation (1 kohde)\">motivaatio<\/a>\n<a href=\"https:\/\/sinidavies.com\/fi\/tag\/pedagogical-infrastructures\/\" class=\"tag-cloud-link tag-link-37 tag-link-position-36\" style=\"font-size: 18.8pt;\" aria-label=\"pedagogical infrastructures (7 kohdetta)\">pedagogiset rakenteet<\/a>\n<a href=\"https:\/\/sinidavies.com\/fi\/tag\/pedagogical-practices\/\" class=\"tag-cloud-link tag-link-44 tag-link-position-37\" style=\"font-size: 16.64pt;\" aria-label=\"pedagogical practices (5 kohdetta)\">pedagogiset k\u00e4yt\u00e4nteet<\/a>\n<a href=\"https:\/\/sinidavies.com\/fi\/tag\/phenomena-based-learning\/\" class=\"tag-cloud-link tag-link-46 tag-link-position-38\" style=\"font-size: 8pt;\" aria-label=\"phenomena-based learning (1 kohde)\">ilmi\u00f6oppiminen<\/a>\n<a href=\"https:\/\/sinidavies.com\/fi\/tag\/process-rug-video-analysis\/\" class=\"tag-cloud-link tag-link-17 tag-link-position-39\" style=\"font-size: 17.9pt;\" aria-label=\"process rug video analysis (6 kohdetta)\">r\u00e4symatto videoanalyysi<\/a>\n<a href=\"https:\/\/sinidavies.com\/fi\/tag\/programming\/\" class=\"tag-cloud-link tag-link-43 tag-link-position-40\" style=\"font-size: 8pt;\" aria-label=\"programming (1 kohde)\">ohjelmointi<\/a>\n<a href=\"https:\/\/sinidavies.com\/fi\/tag\/school-development\/\" class=\"tag-cloud-link tag-link-38 tag-link-position-41\" style=\"font-size: 8pt;\" aria-label=\"school development (1 kohde)\">koulun kehitt\u00e4minen<\/a>\n<a href=\"https:\/\/sinidavies.com\/fi\/tag\/smart-clothing\/\" class=\"tag-cloud-link tag-link-50 tag-link-position-42\" style=\"font-size: 8pt;\" aria-label=\"smart clothing (1 kohde)\">\u00e4lyvaatteet<\/a>\n<a href=\"https:\/\/sinidavies.com\/fi\/tag\/socio-digital-practices\/\" class=\"tag-cloud-link tag-link-60 tag-link-position-43\" style=\"font-size: 8pt;\" aria-label=\"socio-digital practices (1 kohde)\">sosiodigitaaliset k\u00e4yt\u00e4nteet<\/a>\n<a href=\"https:\/\/sinidavies.com\/fi\/tag\/sociomateriality\/\" class=\"tag-cloud-link tag-link-10 tag-link-position-44\" style=\"font-size: 18.8pt;\" aria-label=\"sociomateriality (7 kohdetta)\">sosiomateriaalisuus<\/a>\n<a href=\"https:\/\/sinidavies.com\/fi\/tag\/special-education\/\" class=\"tag-cloud-link tag-link-65 tag-link-position-45\" style=\"font-size: 8pt;\" aria-label=\"special education (1 kohde)\">erityisopetus<\/a>\n<a href=\"https:\/\/sinidavies.com\/fi\/tag\/teaching\/\" class=\"tag-cloud-link tag-link-21 tag-link-position-46\" style=\"font-size: 11.24pt;\" aria-label=\"teaching (2 kohdetta)\">opetus<\/a>\n<a href=\"https:\/\/sinidavies.com\/fi\/tag\/techological-competence\/\" class=\"tag-cloud-link tag-link-39 tag-link-position-47\" style=\"font-size: 11.24pt;\" aria-label=\"techological competence (2 kohdetta)\">teknologiataidot<\/a>\n<a href=\"https:\/\/sinidavies.com\/fi\/tag\/usability\/\" class=\"tag-cloud-link tag-link-62 tag-link-position-48\" style=\"font-size: 8pt;\" aria-label=\"usability (1 kohde)\">k\u00e4ytett\u00e4vyys<\/a>\n<a href=\"https:\/\/sinidavies.com\/fi\/tag\/video-data-analysis\/\" class=\"tag-cloud-link tag-link-12 tag-link-position-49\" style=\"font-size: 20.6pt;\" aria-label=\"video data analysis (9 kohdetta)\">videoanalyysi<\/a>\n<a href=\"https:\/\/sinidavies.com\/fi\/tag\/visual-analysis-methods\/\" class=\"tag-cloud-link tag-link-18 tag-link-position-50\" style=\"font-size: 19.7pt;\" aria-label=\"visual analysis methods (8 kohdetta)\">visuaaliset analyysimenetelm\u00e4t<\/a><\/p><\/div>\n<\/div><\/div>","protected":false},"excerpt":{"rendered":"<p>PhD, postdoctoral researcher, University of Helsinki, Faculty of Educational Sciences My research interests are centred around all things epistemic, more precisely, knowledge creation and maker-centred learning with, through, around, and sometimes despite novel digital technologies. I also actively develop qualitative analysis methods for video data. I&#8217;m currently working as a researcher in Generation AI research [&hellip;]<\/p>","protected":false},"author":1,"featured_media":575,"parent":0,"menu_order":0,"comment_status":"closed","ping_status":"closed","template":"","meta":{"inline_featured_image":false,"_uag_custom_page_level_css":"","footnotes":""},"categories":[],"tags":[],"class_list":["post-20","page","type-page","status-publish","has-post-thumbnail","hentry"],"uagb_featured_image_src":{"full":["https:\/\/sinidavies.com\/wp-content\/uploads\/2024\/06\/Sini-Davies.jpg",582,582,false],"thumbnail":["https:\/\/sinidavies.com\/wp-content\/uploads\/2024\/06\/Sini-Davies-150x150.jpg",150,150,true],"medium":["https:\/\/sinidavies.com\/wp-content\/uploads\/2024\/06\/Sini-Davies-300x300.jpg",300,300,true],"medium_large":["https:\/\/sinidavies.com\/wp-content\/uploads\/2024\/06\/Sini-Davies.jpg",582,582,false],"large":["https:\/\/sinidavies.com\/wp-content\/uploads\/2024\/06\/Sini-Davies.jpg",582,582,false],"1536x1536":["https:\/\/sinidavies.com\/wp-content\/uploads\/2024\/06\/Sini-Davies.jpg",582,582,false],"2048x2048":["https:\/\/sinidavies.com\/wp-content\/uploads\/2024\/06\/Sini-Davies.jpg",582,582,false],"trp-custom-language-flag":["https:\/\/sinidavies.com\/wp-content\/uploads\/2024\/06\/Sini-Davies.jpg",12,12,false]},"uagb_author_info":{"display_name":"sini","author_link":"https:\/\/sinidavies.com\/fi\/author\/sini\/"},"uagb_comment_info":0,"uagb_excerpt":"PhD, postdoctoral researcher, University of Helsinki, Faculty of Educational Sciences My research interests are centred around all things epistemic, more precisely, knowledge creation and maker-centred learning with, through, around, and sometimes despite novel digital technologies. I also actively develop qualitative analysis methods for video data. I&#8217;m currently working as a researcher in Generation AI research&hellip;","_links":{"self":[{"href":"https:\/\/sinidavies.com\/fi\/wp-json\/wp\/v2\/pages\/20","targetHints":{"allow":["GET"]}}],"collection":[{"href":"https:\/\/sinidavies.com\/fi\/wp-json\/wp\/v2\/pages"}],"about":[{"href":"https:\/\/sinidavies.com\/fi\/wp-json\/wp\/v2\/types\/page"}],"author":[{"embeddable":true,"href":"https:\/\/sinidavies.com\/fi\/wp-json\/wp\/v2\/users\/1"}],"replies":[{"embeddable":true,"href":"https:\/\/sinidavies.com\/fi\/wp-json\/wp\/v2\/comments?post=20"}],"version-history":[{"count":2,"href":"https:\/\/sinidavies.com\/fi\/wp-json\/wp\/v2\/pages\/20\/revisions"}],"predecessor-version":[{"id":936,"href":"https:\/\/sinidavies.com\/fi\/wp-json\/wp\/v2\/pages\/20\/revisions\/936"}],"wp:featuredmedia":[{"embeddable":true,"href":"https:\/\/sinidavies.com\/fi\/wp-json\/wp\/v2\/media\/575"}],"wp:attachment":[{"href":"https:\/\/sinidavies.com\/fi\/wp-json\/wp\/v2\/media?parent=20"}],"wp:term":[{"taxonomy":"category","embeddable":true,"href":"https:\/\/sinidavies.com\/fi\/wp-json\/wp\/v2\/categories?post=20"},{"taxonomy":"post_tag","embeddable":true,"href":"https:\/\/sinidavies.com\/fi\/wp-json\/wp\/v2\/tags?post=20"}],"curies":[{"name":"wp","href":"https:\/\/api.w.org\/{rel}","templated":true}]}}