{"id":266,"date":"2024-06-18T07:44:25","date_gmt":"2024-06-18T07:44:25","guid":{"rendered":"https:\/\/sinidavies.com\/?page_id=266"},"modified":"2024-06-25T15:36:57","modified_gmt":"2024-06-25T15:36:57","slug":"book-chapters","status":"publish","type":"page","link":"https:\/\/sinidavies.com\/fi\/publications\/book-chapters\/","title":{"rendered":"Book chapters in peer-reviewed books"},"content":{"rendered":"<h2 style=\"text-transform:none;\" class=\"alignwide wp-block-post-title\">Book chapters in peer-reviewed books<\/h2>\n\n\n<div class=\"wp-block-group alignwide is-vertical is-layout-flex wp-container-core-group-is-layout-b1a7b9e1 wp-block-group-is-layout-flex\" style=\"margin-top:var(--wp--preset--spacing--50);margin-bottom:var(--wp--preset--spacing--50)\">\n<h2 class=\"wp-block-heading has-foreground-color has-text-color has-link-color has-medium-font-size wp-elements-5859284450a55bbffa6ee9e947f6fb3d\">2023<\/h2>\n\n\n\n<div class=\"wp-block-group is-vertical is-layout-flex wp-container-core-group-is-layout-4b827052 wp-block-group-is-layout-flex\">\n<h3 class=\"wp-block-heading alignwide has-medium-font-size\" style=\"font-style:normal;font-weight:600\"><a href=\"https:\/\/sinidavies.com\/fi\/publications\/journal-articles\/untangling-sociomateriality-tracing-social-discursive-and-materially-embodied-aspects-of-knowledge-creating-learning-through-making-process-rugs\/\" data-type=\"page\" data-id=\"205\">Untangling sociomateriality: Tracing social-discursive and materially embodied aspects of knowledge-creating learning through Making-Process Rugs<\/a><\/h3>\n\n\n\n<p class=\"has-small-font-size\" style=\"margin-top:10px;margin-bottom:10px\"><\/p>\n\n\n\n<p class=\"has-small-font-size\">Seitamaa-Hakkarainen, P.,&nbsp;<strong>Davies, S.<\/strong>,&nbsp;Mehto, V.,&nbsp;Kangas, K.,&nbsp;Sormunen, K.,&nbsp;Korhonen, T.&nbsp;&amp;&nbsp;Hakkarainen, K.,&nbsp;2023,&nbsp;<em><a href=\"https:\/\/www.routledge.com\/Re-theorising-Learning-and-Research-Methods-in-Learning-Research\/Damsa-Rajala-Ritella-Brouwer\/p\/book\/9781032071893\" data-type=\"link\" data-id=\"https:\/\/www.routledge.com\/Re-theorising-Learning-and-Research-Methods-in-Learning-Research\/Damsa-Rajala-Ritella-Brouwer\/p\/book\/9781032071893\" target=\"_blank\" rel=\"noreferrer noopener\">Re-theorizing learning and research methods in learning research<\/a>.<\/em>&nbsp;Dam\u015fa, C., Rajala, A., Ritella, G. &amp; Brouwer, J. (eds.). Abingdon:\u00a0Routledge,\u00a0(New Perspectives on Learning and Instruction).<\/p>\n<\/div>\n<\/div>\n\n\n\n<div class=\"wp-block-group alignwide is-vertical is-layout-flex wp-container-core-group-is-layout-b1a7b9e1 wp-block-group-is-layout-flex\" style=\"margin-top:var(--wp--preset--spacing--50);margin-bottom:var(--wp--preset--spacing--50)\">\n<h2 class=\"wp-block-heading has-foreground-color has-text-color has-link-color has-medium-font-size wp-elements-af31e75728c67ffa0cb072a082324d65\">2022<\/h2>\n\n\n\n<div class=\"wp-block-group is-vertical is-layout-flex wp-container-core-group-is-layout-4b827052 wp-block-group-is-layout-flex\">\n<h3 class=\"wp-block-heading alignwide has-medium-font-size\" style=\"margin-top:0;margin-bottom:0;font-style:normal;font-weight:600\"><a href=\"https:\/\/sinidavies.com\/fi\/publications\/book-chapters\/collaboration-and-co-regulation-in-invention-projects\/\" data-type=\"page\" data-id=\"261\">Collaboration and co-regulation in Invention Projects<\/a><\/h3>\n\n\n\n<p class=\"has-small-font-size\" style=\"margin-top:10px;margin-bottom:10px\"><\/p>\n\n\n\n<p class=\"has-small-font-size\">Seitamaa-Hakkarainen, P.,&nbsp;Sormunen, K.,&nbsp;<strong>Davies, S. M.<\/strong>,\u00a0Matilainen, J.\u00a0&amp;\u00a0Hakkarainen, K.,\u00a02022,&nbsp;<em><a href=\"https:\/\/www.routledge.com\/Invention-Pedagogy---The-Finnish-Approach-to-Maker-Education\/Korhonen-Kangas-Salo\/p\/book\/9781032262505\" data-type=\"link\" data-id=\"https:\/\/www.routledge.com\/Invention-Pedagogy---The-Finnish-Approach-to-Maker-Education\/Korhonen-Kangas-Salo\/p\/book\/9781032262505\" target=\"_blank\" rel=\"noreferrer noopener\">Invention pedagogy: The Finnish Approach to Maker Education<\/a>.<\/em>&nbsp;Korhonen, T., Kangas, K. &amp; Salo, L. (eds.). Routledge,\u00a0(Routledge Research in STEM Education).<\/p>\n\n\n\n<div class=\"wp-block-group is-nowrap is-layout-flex wp-container-core-group-is-layout-a0e99a7c wp-block-group-is-layout-flex\" style=\"margin-top:10px;margin-bottom:10px\">\n<figure class=\"wp-block-image size-full is-resized\"><img decoding=\"async\" width=\"640\" height=\"1000\" src=\"https:\/\/sinidavies.com\/wp-content\/uploads\/2024\/06\/Open_Access_logo_PLoS_transparent.svg\" alt=\"Open access\" class=\"wp-image-129\" style=\"width:auto;height:26px\"\/><\/figure>\n\n\n\n<p class=\"has-small-font-size\">Open Access<\/p>\n<\/div>\n<\/div>\n\n\n\n<div class=\"wp-block-group is-vertical is-layout-flex wp-container-core-group-is-layout-4b827052 wp-block-group-is-layout-flex\">\n<h3 class=\"wp-block-heading alignwide has-medium-font-size\" style=\"margin-top:0;margin-bottom:0;font-style:normal;font-weight:600\"><a href=\"https:\/\/sinidavies.com\/fi\/publications\/book-chapters\/epistemic-objects-and-knowledge-creation-in-invention-projects\/\" data-type=\"page\" data-id=\"282\">Epistemic Objects and Knowledge Creation in Invention Projects<\/a><\/h3>\n\n\n\n<p class=\"has-small-font-size\" style=\"margin-top:10px;margin-bottom:10px\"><\/p>\n\n\n\n<p class=\"has-small-font-size\"><strong>Davies, S. M.<\/strong>,\u00a02022,&nbsp;<em><a href=\"https:\/\/www.routledge.com\/Invention-Pedagogy---The-Finnish-Approach-to-Maker-Education\/Korhonen-Kangas-Salo\/p\/book\/9781032262505\" data-type=\"link\" data-id=\"https:\/\/www.routledge.com\/Invention-Pedagogy---The-Finnish-Approach-to-Maker-Education\/Korhonen-Kangas-Salo\/p\/book\/9781032262505\" target=\"_blank\" rel=\"noreferrer noopener\">Invention pedagogy : The Finnish Approach to Maker Education<\/a>.<\/em>&nbsp;Korhonen, T., Kangas, K. &amp; Salo, L. (eds.).\u00a01 ed.\u00a0Routledge,\u00a0(Routledge Research in STEM Education).<\/p>\n\n\n\n<div class=\"wp-block-group is-nowrap is-layout-flex wp-container-core-group-is-layout-a0e99a7c wp-block-group-is-layout-flex\" style=\"margin-top:10px;margin-bottom:10px\">\n<figure class=\"wp-block-image size-full is-resized\"><img decoding=\"async\" width=\"640\" height=\"1000\" src=\"https:\/\/sinidavies.com\/wp-content\/uploads\/2024\/06\/Open_Access_logo_PLoS_transparent.svg\" alt=\"Open access\" class=\"wp-image-129\" style=\"width:auto;height:26px\"\/><\/figure>\n\n\n\n<p class=\"has-small-font-size\">Open Access<\/p>\n<\/div>\n<\/div>\n\n\n\n<div class=\"wp-block-group is-vertical is-layout-flex wp-container-core-group-is-layout-4b827052 wp-block-group-is-layout-flex\">\n<h3 class=\"wp-block-heading alignwide has-medium-font-size\" style=\"margin-top:0;margin-bottom:0;font-style:normal;font-weight:600\"><a href=\"https:\/\/sinidavies.com\/fi\/publications\/book-chapters\/fostering-invention-projects-through-cross-age-peer-tutoring\/\" data-type=\"page\" data-id=\"291\">Fostering Invention Projects through Cross-Age Peer Tutoring<\/a><\/h3>\n\n\n\n<p class=\"has-small-font-size\" style=\"margin-top:10px;margin-bottom:10px\"><\/p>\n\n\n\n<p class=\"has-small-font-size\"><strong>Davies, S. M.<\/strong>,\u00a02022,&nbsp;<em><a href=\"https:\/\/www.routledge.com\/Invention-Pedagogy---The-Finnish-Approach-to-Maker-Education\/Korhonen-Kangas-Salo\/p\/book\/9781032262505\" target=\"_blank\" rel=\"noreferrer noopener\">Invention pedagogy: The Finnish Approach to Maker Education<\/a>.<\/em>&nbsp;Korhonen, T., Kangas, K. &amp; Salo, L. (eds.).\u00a0Routledge,\u00a0(Routledge Research in STEM Education).<\/p>\n\n\n\n<div class=\"wp-block-group is-nowrap is-layout-flex wp-container-core-group-is-layout-a0e99a7c wp-block-group-is-layout-flex\" style=\"margin-top:10px;margin-bottom:10px\">\n<figure class=\"wp-block-image size-full is-resized\"><img decoding=\"async\" width=\"640\" height=\"1000\" src=\"https:\/\/sinidavies.com\/wp-content\/uploads\/2024\/06\/Open_Access_logo_PLoS_transparent.svg\" alt=\"Open access\" class=\"wp-image-129\" style=\"width:auto;height:26px\"\/><\/figure>\n\n\n\n<p class=\"has-small-font-size\">Open Access<\/p>\n<\/div>\n<\/div>\n\n\n\n<div class=\"wp-block-group is-vertical is-layout-flex wp-container-core-group-is-layout-4b827052 wp-block-group-is-layout-flex\">\n<h3 class=\"wp-block-heading alignwide has-medium-font-size\" style=\"margin-top:0;margin-bottom:0;font-style:normal;font-weight:600\"><a href=\"https:\/\/sinidavies.com\/fi\/publications\/book-chapters\/framework-for-technological-competence-in-invention-projects\/\" data-type=\"page\" data-id=\"296\">Framework for Technological Competence in Invention Projects<\/a><\/h3>\n\n\n\n<p class=\"has-small-font-size\" style=\"margin-top:10px;margin-bottom:10px\"><\/p>\n\n\n\n<p class=\"has-small-font-size\">Korhonen, T.,&nbsp;Kangas, K.,&nbsp;<strong>Davies, S.<\/strong>,\u00a0Sormunen, K.,\u00a0Salo, L.\u00a0&amp;\u00a0Packalen, M.,\u00a02022,&nbsp;<em><a href=\"https:\/\/www.routledge.com\/Invention-Pedagogy---The-Finnish-Approach-to-Maker-Education\/Korhonen-Kangas-Salo\/p\/book\/9781032262505\" target=\"_blank\" rel=\"noreferrer noopener\">Invention Pedagogy: The Finnish Approach to Maker Education<\/a>.<\/em>&nbsp;Korhonen, T., Kangas, K. &amp; L. S. (eds.).\u00a01 ed.\u00a0Routledge,\u00a0(Routledge Research in STEM Education).<\/p>\n\n\n\n<div class=\"wp-block-group is-nowrap is-layout-flex wp-container-core-group-is-layout-a0e99a7c wp-block-group-is-layout-flex\" style=\"margin-top:10px;margin-bottom:10px\">\n<figure class=\"wp-block-image size-full is-resized\"><img decoding=\"async\" width=\"640\" height=\"1000\" src=\"https:\/\/sinidavies.com\/wp-content\/uploads\/2024\/06\/Open_Access_logo_PLoS_transparent.svg\" alt=\"Open access\" class=\"wp-image-129\" style=\"width:auto;height:26px\"\/><\/figure>\n\n\n\n<p class=\"has-small-font-size\">Open Access<\/p>\n<\/div>\n<\/div>\n\n\n\n<div class=\"wp-block-group is-vertical is-layout-flex wp-container-core-group-is-layout-4b827052 wp-block-group-is-layout-flex\">\n<h3 class=\"wp-block-heading alignwide has-medium-font-size\" style=\"margin-top:0;margin-bottom:0;font-style:normal;font-weight:600\"><a href=\"https:\/\/direct.mit.edu\/books\/oa-edited-volume\/5312\/chapter-standard\/3788887\/Learning-Computational-Thinking-in-Phenomena-Based\" data-type=\"link\" data-id=\"https:\/\/direct.mit.edu\/books\/oa-edited-volume\/5312\/chapter-standard\/3788887\/Learning-Computational-Thinking-in-Phenomena-Based\" target=\"_blank\" rel=\"noreferrer noopener\"><\/a><a href=\"https:\/\/sinidavies.com\/fi\/publications\/book-chapters\/learning-computational-thinking-in-phenomena-based-co-creation-projects-perspectives-from-finland\/\" data-type=\"page\" data-id=\"304\" target=\"_blank\" rel=\"noreferrer noopener\">Learning Computational Thinking in Phenomena-based Co-creation Projects: Perspectives From Finland<\/a><\/h3>\n\n\n\n<p class=\"has-small-font-size\" style=\"margin-top:10px;margin-bottom:10px\"><\/p>\n\n\n\n<p class=\"has-small-font-size\">Silander, P.,&nbsp;<strong>Riikonen (Davies), S.<\/strong>,\u00a0Seitamaa-Hakkarainen, P.\u00a0&amp;\u00a0Hakkarainen, K.,\u00a02022,&nbsp;<em><a href=\"https:\/\/mitpress.mit.edu\/9780262543477\/computational-thinking-education-in-k12\/\" data-type=\"link\" data-id=\"https:\/\/mitpress.mit.edu\/9780262543477\/computational-thinking-education-in-k12\/\" target=\"_blank\" rel=\"noreferrer noopener\">Computational Thinking Education In K-12: Artificial Intelligence Literacy and Physical Computing<\/a>.<\/em>&nbsp;Kong, S-C. &amp; Abelson, H. (eds.).\u00a0MIT Press.<\/p>\n\n\n\n<div class=\"wp-block-group is-nowrap is-layout-flex wp-container-core-group-is-layout-a0e99a7c wp-block-group-is-layout-flex\" style=\"margin-top:10px;margin-bottom:10px\">\n<figure class=\"wp-block-image size-full is-resized\"><img decoding=\"async\" width=\"640\" height=\"1000\" src=\"https:\/\/sinidavies.com\/wp-content\/uploads\/2024\/06\/Open_Access_logo_PLoS_transparent.svg\" alt=\"Open access\" class=\"wp-image-129\" style=\"width:auto;height:26px\"\/><\/figure>\n\n\n\n<p class=\"has-small-font-size\">Open Access<\/p>\n<\/div>\n<\/div>\n<\/div>\n\n\n\n<div class=\"wp-block-group alignwide is-vertical is-layout-flex wp-container-core-group-is-layout-b1a7b9e1 wp-block-group-is-layout-flex\" style=\"margin-top:var(--wp--preset--spacing--50);margin-bottom:var(--wp--preset--spacing--50)\">\n<h2 class=\"wp-block-heading has-foreground-color has-text-color has-link-color has-medium-font-size wp-elements-fd2ceabea1ff29cad1ef51855f10bf24\">2020<\/h2>\n\n\n\n<div class=\"wp-block-group is-vertical is-layout-flex wp-container-core-group-is-layout-4b827052 wp-block-group-is-layout-flex\">\n<h3 class=\"wp-block-heading alignwide has-medium-font-size\" style=\"font-style:normal;font-weight:600\"><a href=\"https:\/\/sinidavies.com\/fi\/publications\/book-chapters\/case-opettajat-innovoivat\/\" data-type=\"page\" data-id=\"337\">Case: Opettajat innovoivat<\/a><\/h3>\n\n\n\n<p class=\"has-small-font-size\" style=\"margin-top:10px;margin-bottom:10px\">Suomenkielinen julkaisu<\/p>\n\n\n\n<p class=\"has-small-font-size\">Sormunen, K.,&nbsp;Seitamaa-Hakkarainen, P.,&nbsp;<strong>Riikonen (Davies), S.<\/strong>&nbsp;&amp;&nbsp;H\u00e4rkki, T.,&nbsp;2020,&nbsp;<em><a href=\"https:\/\/www.santalahtikustannus.fi\/Tiina-Korhonen\/Keksimisen-pedagogiikka.html\" target=\"_blank\" rel=\"noreferrer noopener\">Keksimisen pedagogiikka<\/a>.<\/em>&nbsp;Korhonen, T. &amp; Kangas, K. (eds.). Jyv\u00e4skyl\u00e4:\u00a0PS-kustannus.<\/p>\n<\/div>\n\n\n\n<div class=\"wp-block-group is-vertical is-layout-flex wp-container-core-group-is-layout-4b827052 wp-block-group-is-layout-flex\">\n<h3 class=\"wp-block-heading alignwide has-medium-font-size\" style=\"font-style:normal;font-weight:600\"><a href=\"https:\/\/sinidavies.com\/fi\/publications\/book-chapters\/case-ryhman-yhteinen-tiedonluomisprosessi\/\" data-type=\"page\" data-id=\"341\">Case: Ryhm\u00e4n yhteinen tiedonluomisprosessi<\/a><\/h3>\n\n\n\n<p class=\"has-small-font-size\" style=\"margin-top:10px;margin-bottom:10px\">Suomenkielinen julkaisu<\/p>\n\n\n\n<p class=\"has-small-font-size\"><strong>Riikonen (Davies), S.<\/strong>&nbsp;&amp;&nbsp;Hakkarainen, K.,&nbsp;2020,&nbsp;<em><a href=\"https:\/\/www.santalahtikustannus.fi\/Tiina-Korhonen\/Keksimisen-pedagogiikka.html\" target=\"_blank\" rel=\"noreferrer noopener\">Keksimisen pedagogiikka<\/a>.<\/em>&nbsp;Korhonen, T. &amp; Kangas, K. (eds.). Jyv\u00e4skyl\u00e4:\u00a0PS-kustannus.<\/p>\n<\/div>\n\n\n\n<div class=\"wp-block-group is-vertical is-layout-flex wp-container-core-group-is-layout-4b827052 wp-block-group-is-layout-flex\">\n<h3 class=\"wp-block-heading alignwide has-medium-font-size\" style=\"font-style:normal;font-weight:600\"><a href=\"https:\/\/sinidavies.com\/fi\/publications\/book-chapters\/case-tutor-oppilastoiminta-tukee-uutta-osaamista\/\" data-type=\"page\" data-id=\"343\">Case: Tutor-oppilastoiminta tukee uutta osaamista<\/a><\/h3>\n\n\n\n<p class=\"has-small-font-size\" style=\"margin-top:10px;margin-bottom:10px\">Suomenkielinen julkaisu<\/p>\n\n\n\n<p class=\"has-small-font-size\"><strong>Riikonen (Davies), S.<\/strong>,&nbsp;2020,&nbsp;<em><a href=\"https:\/\/www.santalahtikustannus.fi\/Tiina-Korhonen\/Keksimisen-pedagogiikka.html\" target=\"_blank\" rel=\"noreferrer noopener\">Keksimisen pedagogiikka.<\/a><\/em>&nbsp;Korhonen, T. &amp; Kangas, K. (eds.). Jyv\u00e4skyl\u00e4:\u00a0PS-kustannus.<\/p>\n<\/div>\n\n\n\n<div class=\"wp-block-group is-vertical is-layout-flex wp-container-core-group-is-layout-4b827052 wp-block-group-is-layout-flex\">\n<h3 class=\"wp-block-heading alignwide has-medium-font-size\" style=\"font-style:normal;font-weight:600\"><a href=\"https:\/\/sinidavies.com\/fi\/publications\/book-chapters\/case-tiimiopettajuuden-kehittyminen-kolmen-lukuvuoden-aikana\/\" data-type=\"page\" data-id=\"345\">Case: Tiimiopettajuuden kehittyminen kolmen lukuvuoden aikana<\/a><\/h3>\n\n\n\n<p class=\"has-small-font-size\" style=\"margin-top:10px;margin-bottom:10px\">Suomenkielinen julkaisu<\/p>\n\n\n\n<p class=\"has-small-font-size\">Seitamaa-Hakkarainen, P.,&nbsp;Kangas, K.,&nbsp;<strong>Riikonen (Davies), S.<\/strong>&nbsp;&amp;&nbsp;Korhonen, T.,&nbsp;2020,&nbsp;<em><a href=\"https:\/\/www.santalahtikustannus.fi\/Tiina-Korhonen\/Keksimisen-pedagogiikka.html\" target=\"_blank\" rel=\"noreferrer noopener\">Keksimisen pedagogiikka<\/a>.<\/em>&nbsp;Korhonen, T. &amp; Kangas, K. (eds.). Jyv\u00e4skyl\u00e4:\u00a0PS-kustannus.<\/p>\n<\/div>\n\n\n\n<div class=\"wp-block-group is-vertical is-layout-flex wp-container-core-group-is-layout-4b827052 wp-block-group-is-layout-flex\">\n<h3 class=\"wp-block-heading alignwide has-medium-font-size\" style=\"font-style:normal;font-weight:600\"><a href=\"https:\/\/sinidavies.com\/fi\/publications\/book-chapters\/teknologia-oppimisen-kohteena-ja-luovan-toiminnan-mahdollistajana\/\" data-type=\"page\" data-id=\"348\">Teknologia oppimisen kohteena ja luovan toiminnan mahdollistajana<\/a><\/h3>\n\n\n\n<p class=\"has-small-font-size\" style=\"margin-top:10px;margin-bottom:10px\">Suomenkielinen julkaisu<\/p>\n\n\n\n<p class=\"has-small-font-size\">Korhonen, T.,&nbsp;Kangas, K.,&nbsp;<strong>Riikonen (Davies), S.<\/strong>&nbsp;&amp;&nbsp;Packal\u00e9n, M.,&nbsp;2020,&nbsp;<em><a href=\"https:\/\/www.santalahtikustannus.fi\/Tiina-Korhonen\/Keksimisen-pedagogiikka.html\" data-type=\"link\" data-id=\"https:\/\/www.santalahtikustannus.fi\/Tiina-Korhonen\/Keksimisen-pedagogiikka.html\" target=\"_blank\" rel=\"noreferrer noopener\">Keksimisen pedagogiikka<\/a>.<\/em>&nbsp;Korhonen, T. &amp; Kangas, K. (eds.). Jyv\u00e4skyl\u00e4:\u00a0PS-kustannus.<\/p>\n<\/div>\n<\/div>\n\n\n\n<div class=\"wp-block-group alignwide is-vertical is-layout-flex wp-container-core-group-is-layout-b1a7b9e1 wp-block-group-is-layout-flex\" style=\"margin-top:var(--wp--preset--spacing--50);margin-bottom:var(--wp--preset--spacing--50)\">\n<h2 class=\"wp-block-heading has-foreground-color has-text-color has-link-color has-medium-font-size wp-elements-369c79202951c56584ea209daf73c993\">2018<\/h2>\n\n\n\n<div class=\"wp-block-group is-vertical is-layout-flex wp-container-core-group-is-layout-4b827052 wp-block-group-is-layout-flex\">\n<h3 class=\"wp-block-heading alignwide has-medium-font-size\" style=\"font-style:normal;font-weight:600\"><a href=\"https:\/\/sinidavies.com\/fi\/publications\/book-chapters\/ryhman-oppimismotivaatio-ja-sitoutuminen-yhteisollisessa-keksintoprojektissa\/\" data-type=\"page\" data-id=\"479\">Ryhm\u00e4n oppimismotivaatio ja sitoutuminen yhteis\u00f6llisess\u00e4 keksint\u00f6projektissa<\/a><\/h3>\n\n\n\n<p class=\"has-small-font-size\" style=\"margin-top:10px;margin-bottom:10px\">Suomenkielinen julkaisu<\/p>\n\n\n\n<p class=\"has-small-font-size\"><strong>Riikonen (Davies), S.<\/strong>,\u00a0Sormunen, K.,\u00a0Korhonen, T.,\u00a0Kangas, K.,\u00a0Seitamaa-Hakkarainen, P.\u00a0&amp;\u00a0Hakkarainen, K.,\u00a02018,&nbsp;<em><a href=\"https:\/\/www.santalahtikustannus.fi\/Katariina-Salmela-Aro\/Motivaatio-ja-oppiminen.html\" data-type=\"link\" data-id=\"https:\/\/www.santalahtikustannus.fi\/Katariina-Salmela-Aro\/Motivaatio-ja-oppiminen.html\" target=\"_blank\" rel=\"noreferrer noopener\">Motivaatio ja oppiminen<\/a>.<\/em>&nbsp;Salmela-Aro, K. (ed.). Jyv\u00e4skyl\u00e4:\u00a0PS-kustannus.<\/p>\n<\/div>\n<\/div>","protected":false},"excerpt":{"rendered":"<p>2023 Untangling sociomateriality: Tracing social-discursive and materially embodied aspects of knowledge-creating learning through Making-Process Rugs Seitamaa-Hakkarainen, P.,&nbsp;Davies, S.,&nbsp;Mehto, V.,&nbsp;Kangas, K.,&nbsp;Sormunen, K.,&nbsp;Korhonen, T.&nbsp;&amp;&nbsp;Hakkarainen, K.,&nbsp;2023,&nbsp;Re-theorizing learning and research methods in learning research.&nbsp;Dam\u015fa, C., Rajala, A., Ritella, G. &amp; Brouwer, J. (eds.). Abingdon:&nbsp;Routledge,&nbsp;p. 193-208&nbsp;16 p.&nbsp;(New Perspectives on Learning and Instruction). 2022 Collaboration and co-regulation in Invention Projects Seitamaa-Hakkarainen, [&hellip;]<\/p>","protected":false},"author":1,"featured_media":0,"parent":30,"menu_order":0,"comment_status":"closed","ping_status":"closed","template":"","meta":{"inline_featured_image":false,"_uag_custom_page_level_css":"","footnotes":""},"categories":[],"tags":[],"class_list":["post-266","page","type-page","status-publish","hentry"],"uagb_featured_image_src":{"full":false,"thumbnail":false,"medium":false,"medium_large":false,"large":false,"1536x1536":false,"2048x2048":false,"trp-custom-language-flag":false},"uagb_author_info":{"display_name":"sini","author_link":"https:\/\/sinidavies.com\/fi\/author\/sini\/"},"uagb_comment_info":0,"uagb_excerpt":"2023 Untangling sociomateriality: Tracing social-discursive and materially embodied aspects of knowledge-creating learning through Making-Process Rugs Seitamaa-Hakkarainen, P.,&nbsp;Davies, S.,&nbsp;Mehto, V.,&nbsp;Kangas, K.,&nbsp;Sormunen, K.,&nbsp;Korhonen, T.&nbsp;&amp;&nbsp;Hakkarainen, K.,&nbsp;2023,&nbsp;Re-theorizing learning and research methods in learning research.&nbsp;Dam\u015fa, C., Rajala, A., Ritella, G. &amp; Brouwer, J. (eds.). Abingdon:&nbsp;Routledge,&nbsp;p. 193-208&nbsp;16 p.&nbsp;(New Perspectives on Learning and Instruction). 2022 Collaboration and co-regulation in Invention Projects Seitamaa-Hakkarainen,&hellip;","_links":{"self":[{"href":"https:\/\/sinidavies.com\/fi\/wp-json\/wp\/v2\/pages\/266","targetHints":{"allow":["GET"]}}],"collection":[{"href":"https:\/\/sinidavies.com\/fi\/wp-json\/wp\/v2\/pages"}],"about":[{"href":"https:\/\/sinidavies.com\/fi\/wp-json\/wp\/v2\/types\/page"}],"author":[{"embeddable":true,"href":"https:\/\/sinidavies.com\/fi\/wp-json\/wp\/v2\/users\/1"}],"replies":[{"embeddable":true,"href":"https:\/\/sinidavies.com\/fi\/wp-json\/wp\/v2\/comments?post=266"}],"version-history":[{"count":0,"href":"https:\/\/sinidavies.com\/fi\/wp-json\/wp\/v2\/pages\/266\/revisions"}],"up":[{"embeddable":true,"href":"https:\/\/sinidavies.com\/fi\/wp-json\/wp\/v2\/pages\/30"}],"wp:attachment":[{"href":"https:\/\/sinidavies.com\/fi\/wp-json\/wp\/v2\/media?parent=266"}],"wp:term":[{"taxonomy":"category","embeddable":true,"href":"https:\/\/sinidavies.com\/fi\/wp-json\/wp\/v2\/categories?post=266"},{"taxonomy":"post_tag","embeddable":true,"href":"https:\/\/sinidavies.com\/fi\/wp-json\/wp\/v2\/tags?post=266"}],"curies":[{"name":"wp","href":"https:\/\/api.w.org\/{rel}","templated":true}]}}