{"id":314,"date":"2021-12-31T10:10:00","date_gmt":"2021-12-31T10:10:00","guid":{"rendered":"https:\/\/sinidavies.com\/?page_id=314"},"modified":"2024-06-18T10:25:42","modified_gmt":"2024-06-18T10:25:42","slug":"kohti-yhteiskehittelya-havaintoja-opettajan-roolista-alyvaateprojektissa","status":"publish","type":"page","link":"https:\/\/sinidavies.com\/fi\/publications\/journal-articles\/kohti-yhteiskehittelya-havaintoja-opettajan-roolista-alyvaateprojektissa\/","title":{"rendered":"Kohti yhteiskehittely\u00e4: Havaintoja opettajan roolista \u00e4lyvaateprojektissa"},"content":{"rendered":"<div class=\"wp-block-group alignwide is-vertical is-layout-flex wp-container-core-group-is-layout-4b827052 wp-block-group-is-layout-flex\"><h2 class=\"alignwide wp-block-post-title has-large-font-size\">Kohti yhteiskehittely\u00e4: Havaintoja opettajan roolista \u00e4lyvaateprojektissa<\/h2>\n\n\n<p>2021<\/p>\n<\/div>\n\n\n\n<div class=\"wp-block-group alignwide is-vertical is-layout-flex wp-container-core-group-is-layout-fe9cc265 wp-block-group-is-layout-flex\">\n<p>Vertaisarvioitu tieteellinen artikkeli lehdess\u00e4 <a href=\"https:\/\/journal.fi\/ainedidaktiikka\/index\" target=\"_blank\" rel=\"noreferrer noopener\"><\/a><a href=\"https:\/\/researchportal.helsinki.fi\/fi\/publications\/kohti-yhteiskehittely%C3%A4-havaintoja-opettajan-roolista-%C3%A4lyvaateproj#\">Ainedidaktiikka<\/a><\/p>\n\n\n\n<div class=\"wp-block-group is-layout-flex wp-block-group-is-layout-flex\">\n<h3 class=\"wp-block-heading has-medium-font-size\">Kirjoittajat:<\/h3>\n\n\n\n<p class=\"has-medium-font-size\">Henna Lahti,&nbsp;<strong>Sini Davies<\/strong><\/p>\n<\/div>\n<\/div>\n\n\n\n<div class=\"wp-block-group alignwide is-vertical is-layout-flex wp-container-core-group-is-layout-fe9cc265 wp-block-group-is-layout-flex\">\n<div class=\"wp-block-columns alignwide is-layout-flex wp-container-core-columns-is-layout-cbe57604 wp-block-columns-is-layout-flex\">\n<div class=\"wp-block-column is-layout-flow wp-block-column-is-layout-flow\" style=\"flex-basis:90%\">\n<div class=\"wp-block-group alignwide is-nowrap is-layout-flex wp-container-core-group-is-layout-6c531013 wp-block-group-is-layout-flex\">\n<div class=\"wp-block-group is-vertical is-layout-flex wp-container-core-group-is-layout-4b827052 wp-block-group-is-layout-flex\">\n<h3 class=\"wp-block-heading has-medium-font-size\">Tiivistelm\u00e4:<\/h3>\n\n\n\n<p class=\"has-small-font-size\">Artikkelissa tarkastellaan peruskoulussa toteutettua keksint\u00f6projektia, jonka aikana oppilasryhm\u00e4 suunnitteli ja toteutti \u00e4lyvaatteen. Tutkimus on osa laajempaa tutkimushanketta, jossa koulua kehitet\u00e4\u00e4n keksiv\u00e4n\u00e4 ja innovatiivisena yhteis\u00f6n\u00e4. T\u00e4ss\u00e4 tutkimuksessa selvitet\u00e4\u00e4n, miten oppilasryhm\u00e4n \u00e4lyvaatteen suunnittelu- ja valmistusprosessi eteni ja mik\u00e4 rooli opettajilla oli prosessin aikana. Tutkimusaineisto sis\u00e4lt\u00e4\u00e4 yhdeks\u00e4n opetuskerran videoinnit. Videoaineistoon tehdyn makroanalyysin perusteella kartoitettiin kaikki ne opetustilanteet, joissa ilmeni vuorovaikutusta opettajan ja oppilaiden v\u00e4lill\u00e4. Teoriaohjaavaan analyysiin pohjautuen erotellaan ja tulkitaan vuoro-vaikutuksen erilaisia muotoja. Tutkimustuloksissa korostuu opettajan rooli sek\u00e4 vaatteen yhteiskehittelyss\u00e4 ett\u00e4 oppilaiden toiminnan ohjaamisessa. Yhteiskehittelyn toteutuminen edellytt\u00e4\u00e4 riitt\u00e4vi\u00e4 aika- ja taitoresursseja sek\u00e4 motivaatiota ratkaista haastavia suunnitteluongelmia.<\/p>\n<\/div>\n<\/div>\n<\/div>\n<\/div>\n<\/div>\n\n\n\n<div class=\"wp-block-group alignwide is-vertical is-layout-flex wp-container-core-group-is-layout-fe9cc265 wp-block-group-is-layout-flex\">\n<h3 class=\"wp-block-heading has-medium-font-size\">Lue tai tallenna:<\/h3>\n\n\n<div class=\"_3d-flip-book  fb3d-thumbnail-lightbox-mode\" data-id=\"315\" data-mode=\"thumbnail-lightbox\" data-title=\"false\" data-template=\"short-white-book-view\" data-lightbox=\"dark-shadow\" data-urlparam=\"fb3d-page\" data-page-n=\"0\" data-pdf=\"\" data-tax=\"null\" data-thumbnail=\"\" data-cols=\"3\" data-book-template=\"default\" data-trigger=\"\"><\/div><script type=\"text\/javascript\">window.FB3D_CLIENT_DATA = window.FB3D_CLIENT_DATA || [];FB3D_CLIENT_DATA.push('eyJwb3N0cyI6eyIzMTUiOnsiSUQiOjMxNSwidGl0bGUiOiJLb2h0aSB5aHRlaXNrZWhpdHRlbHlcdTAwZTQ6IEhhdmFpbnRvamEgb3BldHRhamFuIHJvb2xpc3RhIFx1MDBlNGx5dmFhdGVwcm9qZWt0aXNzYSIsInR5cGUiOiJwZGYiLCJyZWFkeV9mdW5jdGlvbiI6IiIsImJvb2tfc3R5bGUiOiJmbGF0IiwiYm9va190ZW1wbGF0ZSI6Im5vbmUiLCJvdXRsaW5lIjpbXSwiZGF0YSI6eyJwb3N0X0lEIjoiMzE2IiwiZ3VpZCI6Imh0dHBzOlwvXC9zaW5pZGF2aWVzLmNvbVwvd3AtY29udGVudFwvdXBsb2Fkc1wvMjAyNFwvMDZcLzkwNzYwLUFydGlra2VsaW4tdGVrc3RpLTIxODQ0Ny0xLTEwLTIwMjExMjMwLnBkZiIsInBkZl9wYWdlcyI6IjE3IiwicGFnZXNfY3VzdG9taXphdGlvbiI6Im5vbmUifSwidGh1bWJuYWlsIjp7ImRhdGEiOnsicG9zdF9JRCI6IjAifSwidHlwZSI6ImF1dG8ifSwicHJvcHMiOnsiYmFja2dyb3VuZENvbG9yIjoiYXV0byIsImJhY2tncm91bmRJbWFnZSI6ImF1dG8iLCJiYWNrZ3JvdW5kU3R5bGUiOiJhdXRvIiwiaGlnaGxpZ2h0TGlua3MiOiJhdXRvIiwibGlnaHRpbmciOiJhdXRvIiwiY2FjaGVkUGFnZXMiOiJhdXRvIiwicmVuZGVySW5hY3RpdmVQYWdlcyI6ImF1dG8iLCJyZW5kZXJJbmFjdGl2ZVBhZ2VzT25Nb2JpbGUiOiJhdXRvIiwicmVuZGVyV2hpbGVGbGlwcGluZyI6ImF1dG8iLCJwcmVsb2FkUGFnZXMiOiJhdXRvIiwiYXV0b1BsYXlEdXJhdGlvbiI6ImF1dG8iLCJydGwiOiJhdXRvIiwiaW50ZXJhY3RpdmVDb3JuZXJzIjoiYXV0byIsIm1heERlcHRoIjoiYXV0byIsInNoZWV0Ijp7InN0YXJ0VmVsb2NpdHkiOiJhdXRvIiwid2F2ZSI6ImF1dG8iLCJzaGFwZSI6ImF1dG8iLCJ3aWR0aFRleGVscyI6ImF1dG8iLCJjb2xvciI6ImF1dG8iLCJzaWRlIjoiYXV0byIsImNvcm5lckRldmlhdGlvbiI6ImF1dG8iLCJmbGV4aWJpbGl0eSI6ImF1dG8iLCJmbGV4aWJsZUNvcm5lciI6ImF1dG8iLCJiZW5kaW5nIjoiYXV0byIsImhlaWdodFRleGVscyI6ImF1dG8ifSwiY292ZXIiOnsid2F2ZSI6ImF1dG8iLCJjb2xvciI6ImF1dG8iLCJzaWRlIjoiYXV0byIsImJpbmRlclRleHR1cmUiOiJhdXRvIiwiZGVwdGgiOiJhdXRvIiwicGFkZGluZyI6ImF1dG8iLCJzdGFydFZlbG9jaXR5IjoiYXV0byIsImZsZXhpYmlsaXR5IjoiYXV0byIsImZsZXhpYmxlQ29ybmVyIjoiYXV0byIsImJlbmRpbmciOiJhdXRvIiwid2lkdGhUZXhlbHMiOiJhdXRvIiwiaGVpZ2h0VGV4ZWxzIjoiYXV0byIsIm1hc3MiOiJhdXRvIiwic2hhcGUiOiJhdXRvIn0sInBhZ2UiOnsid2F2ZSI6ImF1dG8iLCJjb2xvciI6ImF1dG8iLCJzaWRlIjoiYXV0byIsImRlcHRoIjoiYXV0byIsInN0YXJ0VmVsb2NpdHkiOiJhdXRvIiwiZmxleGliaWxpdHkiOiJhdXRvIiwiZmxleGlibGVDb3JuZXIiOiJhdXRvIiwiYmVuZGluZyI6ImF1dG8iLCJ3aWR0aFRleGVscyI6ImF1dG8iLCJoZWlnaHRUZXhlbHMiOiJhdXRvIiwibWFzcyI6ImF1dG8iLCJzaGFwZSI6ImF1dG8ifSwiaGVpZ2h0IjoiYXV0byIsIndpZHRoIjoiYXV0byIsImdyYXZpdHkiOiJhdXRvIiwicGFnZXNGb3JQcmVkaWN0aW5nIjoiYXV0byJ9LCJjb250cm9sUHJvcHMiOnsiYWN0aW9ucyI6eyJjbWRUb2MiOnsiZW5hYmxlZCI6ImF1dG8iLCJlbmFibGVkSW5OYXJyb3ciOiJhdXRvIiwiYWN0aXZlIjoiYXV0byIsImRlZmF1bHRUYWIiOiJhdXRvIn0sImNtZEF1dG9QbGF5Ijp7ImVuYWJsZWQiOiJhdXRvIiwiZW5hYmxlZEluTmFycm93IjoiYXV0byIsImFjdGl2ZSI6ImF1dG8ifSwiY21kU2F2ZSI6eyJlbmFibGVkIjoiYXV0byIsImVuYWJsZWRJbk5hcnJvdyI6ImF1dG8ifSwiY21kUHJpbnQiOnsiZW5hYmxlZCI6ImF1dG8iLCJlbmFibGVkSW5OYXJyb3ciOiJhdXRvIn0sImNtZFNpbmdsZVBhZ2UiOnsiZW5hYmxlZCI6ImF1dG8iLCJlbmFibGVkSW5OYXJyb3ciOiJhdXRvIiwiYWN0aXZlIjoiYXV0byIsImFjdGl2ZUZvck1vYmlsZSI6ImF1dG8ifSwid2lkVG9vbGJhciI6eyJlbmFibGVkIjoiYXV0byIsImVuYWJsZWRJbk5hcnJvdyI6ImF1dG8ifX19LCJhdXRvVGh1bWJuYWlsIjoiaHR0cHM6XC9cL3NpbmlkYXZpZXMuY29tXC93cC1jb250ZW50XC91cGxvYWRzXC8zZC1mbGlwLWJvb2tcL2F1dG8tdGh1bWJuYWlsc1wvMzE1LnBuZyIsInBvc3RfbmFtZSI6ImtvaHRpLXlodGVpc2tlaGl0dGVseWEtaGF2YWludG9qYS1vcGV0dGFqYW4tcm9vbGlzdGEtYWx5dmFhdGVwcm9qZWt0aXNzYSIsInBvc3RfdHlwZSI6IjNkLWZsaXAtYm9vayJ9fSwicGFnZXMiOltdLCJmaXJzdFBhZ2VzIjpbXX0=');window.FB3D_CLIENT_LOCALE && FB3D_CLIENT_LOCALE.render && FB3D_CLIENT_LOCALE.render();<\/script>\n<\/div>\n\n\n\n<div class=\"wp-block-group alignwide is-vertical is-layout-flex wp-container-core-group-is-layout-4b827052 wp-block-group-is-layout-flex\">\n<h3 class=\"wp-block-heading alignwide has-medium-font-size\">Avainsanat:<\/h3>\n\n\n<div class=\"taxonomy-post_tag wp-block-post-terms\"><a href=\"https:\/\/sinidavies.com\/fi\/tag\/apparel-design\/\" rel=\"tag\">vaatesuunnittelu<\/a><span class=\"wp-block-post-terms__separator\">, <\/span><a href=\"https:\/\/sinidavies.com\/fi\/tag\/invention-pedagogy\/\" rel=\"tag\">keksimisen pedagogiikka<\/a><span class=\"wp-block-post-terms__separator\">, <\/span><a href=\"https:\/\/sinidavies.com\/fi\/tag\/smart-clothing\/\" rel=\"tag\">\u00e4lyvaatteet<\/a><\/div><\/div>\n\n\n\n<div class=\"wp-block-group alignwide is-vertical is-layout-flex wp-container-core-group-is-layout-4b827052 wp-block-group-is-layout-flex\">\n<h3 class=\"wp-block-heading has-medium-font-size\">DOI:<\/h3>\n\n\n\n<p><a href=\"https:\/\/doi.org\/10.23988\/ad.90760\">https:\/\/doi.org\/10.23988\/ad.90760<\/a><\/p>\n<\/div>\n\n\n\n<div class=\"wp-block-group alignwide is-vertical is-layout-flex wp-container-core-group-is-layout-4b827052 wp-block-group-is-layout-flex\">\n<h3 class=\"wp-block-heading has-medium-font-size\">Viittaa t\u00e4h\u00e4n julkaisuun:<\/h3>\n\n\n\n<p class=\"has-small-font-size\">Lahti, H., &amp; Davies, S. M.&nbsp;(2021).&nbsp;Kohti yhteiskehittely\u00e4: Havaintoja opettajan roolista \u00e4lyvaateprojektissa.&nbsp;<em>Ainedidaktiikka<\/em>,&nbsp;<em>5<\/em>(2), 51\u201367.&nbsp;https:\/\/doi.org\/10.23988\/ad.90760<\/p>\n<\/div>","protected":false},"excerpt":{"rendered":"<p>2021 Journal article (in Finnish) &#8211; published in Ainedidaktiikka Authors: Henna Lahti,&nbsp;Sini Davies Abstract: Artikkelissa tarkastellaan peruskoulussa toteutettua keksint\u00f6projektia, jonka aikana oppilasryhm\u00e4 suunnitteli ja toteutti \u00e4lyvaatteen. Tutkimus on osa laajempaa tutkimushanketta, jossa koulua kehitet\u00e4\u00e4n keksiv\u00e4n\u00e4 ja innovatiivisena yhteis\u00f6n\u00e4. T\u00e4ss\u00e4 tutkimuksessa selvitet\u00e4\u00e4n, miten oppilasryhm\u00e4n \u00e4lyvaatteen suunnittelu- ja valmistusprosessi eteni ja mik\u00e4 rooli opettajilla oli prosessin aikana. [&hellip;]<\/p>","protected":false},"author":1,"featured_media":0,"parent":40,"menu_order":0,"comment_status":"closed","ping_status":"closed","template":"","meta":{"inline_featured_image":false,"_uag_custom_page_level_css":"","footnotes":""},"categories":[5,52],"tags":[49,14,50],"class_list":["post-314","page","type-page","status-publish","hentry","category-journal-article","category-publications-in-finnish","tag-apparel-design","tag-invention-pedagogy","tag-smart-clothing"],"uagb_featured_image_src":{"full":false,"thumbnail":false,"medium":false,"medium_large":false,"large":false,"1536x1536":false,"2048x2048":false,"trp-custom-language-flag":false},"uagb_author_info":{"display_name":"sini","author_link":"https:\/\/sinidavies.com\/fi\/author\/sini\/"},"uagb_comment_info":0,"uagb_excerpt":"2021 Journal article (in Finnish) &#8211; published in Ainedidaktiikka Authors: Henna Lahti,&nbsp;Sini Davies Abstract: Artikkelissa tarkastellaan peruskoulussa toteutettua keksint\u00f6projektia, jonka aikana oppilasryhm\u00e4 suunnitteli ja toteutti \u00e4lyvaatteen. Tutkimus on osa laajempaa tutkimushanketta, jossa koulua kehitet\u00e4\u00e4n keksiv\u00e4n\u00e4 ja innovatiivisena yhteis\u00f6n\u00e4. T\u00e4ss\u00e4 tutkimuksessa selvitet\u00e4\u00e4n, miten oppilasryhm\u00e4n \u00e4lyvaatteen suunnittelu- ja valmistusprosessi eteni ja mik\u00e4 rooli opettajilla oli prosessin aikana.&hellip;","_links":{"self":[{"href":"https:\/\/sinidavies.com\/fi\/wp-json\/wp\/v2\/pages\/314","targetHints":{"allow":["GET"]}}],"collection":[{"href":"https:\/\/sinidavies.com\/fi\/wp-json\/wp\/v2\/pages"}],"about":[{"href":"https:\/\/sinidavies.com\/fi\/wp-json\/wp\/v2\/types\/page"}],"author":[{"embeddable":true,"href":"https:\/\/sinidavies.com\/fi\/wp-json\/wp\/v2\/users\/1"}],"replies":[{"embeddable":true,"href":"https:\/\/sinidavies.com\/fi\/wp-json\/wp\/v2\/comments?post=314"}],"version-history":[{"count":0,"href":"https:\/\/sinidavies.com\/fi\/wp-json\/wp\/v2\/pages\/314\/revisions"}],"up":[{"embeddable":true,"href":"https:\/\/sinidavies.com\/fi\/wp-json\/wp\/v2\/pages\/40"}],"wp:attachment":[{"href":"https:\/\/sinidavies.com\/fi\/wp-json\/wp\/v2\/media?parent=314"}],"wp:term":[{"taxonomy":"category","embeddable":true,"href":"https:\/\/sinidavies.com\/fi\/wp-json\/wp\/v2\/categories?post=314"},{"taxonomy":"post_tag","embeddable":true,"href":"https:\/\/sinidavies.com\/fi\/wp-json\/wp\/v2\/tags?post=314"}],"curies":[{"name":"wp","href":"https:\/\/api.w.org\/{rel}","templated":true}]}}