{"id":479,"date":"2018-04-20T08:44:00","date_gmt":"2018-04-20T08:44:00","guid":{"rendered":"https:\/\/sinidavies.com\/?page_id=479"},"modified":"2024-06-20T08:47:19","modified_gmt":"2024-06-20T08:47:19","slug":"ryhman-oppimismotivaatio-ja-sitoutuminen-yhteisollisessa-keksintoprojektissa","status":"publish","type":"page","link":"https:\/\/sinidavies.com\/fi\/publications\/book-chapters\/ryhman-oppimismotivaatio-ja-sitoutuminen-yhteisollisessa-keksintoprojektissa\/","title":{"rendered":"Ryhm\u00e4n oppimismotivaatio ja sitoutuminen yhteis\u00f6llisess\u00e4 keksint\u00f6projektissa"},"content":{"rendered":"<div class=\"wp-block-group alignwide is-vertical is-layout-flex wp-container-core-group-is-layout-4b827052 wp-block-group-is-layout-flex\"><h2 class=\"alignwide wp-block-post-title has-large-font-size\">Ryhm\u00e4n oppimismotivaatio ja sitoutuminen yhteis\u00f6llisess\u00e4 keksint\u00f6projektissa<\/h2>\n\n\n<p>2018<\/p>\n<\/div>\n\n\n\n<div class=\"wp-block-group alignwide is-vertical is-layout-flex wp-container-core-group-is-layout-fe9cc265 wp-block-group-is-layout-flex\">\n<p>Book Chapter (in Finnish) &#8211; published in <a href=\"https:\/\/www.santalahtikustannus.fi\/Katariina-Salmela-Aro\/Motivaatio-ja-oppiminen.html\" data-type=\"link\" data-id=\"https:\/\/www.santalahtikustannus.fi\/Katariina-Salmela-Aro\/Motivaatio-ja-oppiminen.html\" target=\"_blank\" rel=\"noreferrer noopener\">Motivaatio ja oppiminen<\/a><\/p>\n\n\n\n<div class=\"wp-block-group is-layout-flex wp-block-group-is-layout-flex\">\n<h3 class=\"wp-block-heading has-medium-font-size\">Kirjoittajat:<\/h3>\n\n\n\n<p class=\"has-medium-font-size\"><strong>Sini Riikonen (Davies)<\/strong>,\u00a0Kati Sormunen,\u00a0Tiina Korhonen,\u00a0Kaiju Kangas,\u00a0Pirita Seitamaa-Hakkarainen,\u00a0Kai Hakkarainen<a href=\"https:\/\/orcid.org\/0000-0003-3507-7537\" target=\"_blank\" rel=\"noreferrer noopener\"><\/a><\/p>\n<\/div>\n<\/div>\n\n\n\n<div class=\"wp-block-group alignwide is-vertical is-layout-flex wp-container-core-group-is-layout-4b827052 wp-block-group-is-layout-flex\">\n<h3 class=\"wp-block-heading alignwide has-medium-font-size\">Avainsanat:<\/h3>\n\n\n<div class=\"taxonomy-post_tag wp-block-post-terms\"><a href=\"https:\/\/sinidavies.com\/fi\/tag\/collaborative-learning\/\" rel=\"tag\">yhteis\u00f6llinen oppiminen<\/a><span class=\"wp-block-post-terms__separator\">, <\/span><a href=\"https:\/\/sinidavies.com\/fi\/tag\/invention-pedagogy\/\" rel=\"tag\">keksimisen pedagogiikka<\/a><span class=\"wp-block-post-terms__separator\">, <\/span><a href=\"https:\/\/sinidavies.com\/fi\/tag\/knowledge-creation\/\" rel=\"tag\">tiedon luominen<\/a><span class=\"wp-block-post-terms__separator\">, <\/span><a href=\"https:\/\/sinidavies.com\/fi\/tag\/motivation\/\" rel=\"tag\">motivaatio<\/a><\/div><\/div>\n\n\n\n<div class=\"wp-block-group alignwide is-vertical is-layout-flex wp-container-core-group-is-layout-4b827052 wp-block-group-is-layout-flex\">\n<h3 class=\"wp-block-heading has-medium-font-size\">Viittaa t\u00e4h\u00e4n julkaisuun:<\/h3>\n\n\n\n<p class=\"has-small-font-size\">Riikonen, S., Sormunen, K., Korhonen, T., Kangas, K., Seitamaa-Hakkarainen, P., &amp; Hakkarainen, K.\u00a0(2018).\u00a0Ryhm\u00e4n oppimismotivaatio ja sitoutuminen yhteis\u00f6llisess\u00e4 keksint\u00f6projektissa. In K. Salmela-Aro (Ed.),\u00a0<em>Motivaatio ja oppiminen\u00a0<\/em>(pp. 161-180). PS-kustannus.<\/p>\n<\/div>","protected":false},"excerpt":{"rendered":"<p>2018 Book Chapter (in Finnish) &#8211; published in Motivaatio ja oppiminen Authors: Sini Riikonen (Davies),\u00a0Kati Sormunen,\u00a0Tiina Korhonen,\u00a0Kaiju Kangas,\u00a0Pirita Seitamaa-Hakkarainen,\u00a0Kai Hakkarainen Keywords: Cite: Riikonen, S., Sormunen, K., Korhonen, T., Kangas, K., Seitamaa-Hakkarainen, P., &amp; Hakkarainen, K.\u00a0(2018).\u00a0Ryhm\u00e4n oppimismotivaatio ja sitoutuminen yhteis\u00f6llisess\u00e4 keksint\u00f6projektissa. In K. Salmela-Aro (Ed.),\u00a0Motivaatio ja oppiminen\u00a0(pp. 161-180). PS-kustannus.<\/p>","protected":false},"author":1,"featured_media":0,"parent":266,"menu_order":0,"comment_status":"closed","ping_status":"closed","template":"","meta":{"inline_featured_image":false,"_uag_custom_page_level_css":"","footnotes":""},"categories":[36,52],"tags":[25,14,8,68],"class_list":["post-479","page","type-page","status-publish","hentry","category-book-chapter","category-publications-in-finnish","tag-collaborative-learning","tag-invention-pedagogy","tag-knowledge-creation","tag-motivation"],"uagb_featured_image_src":{"full":false,"thumbnail":false,"medium":false,"medium_large":false,"large":false,"1536x1536":false,"2048x2048":false,"trp-custom-language-flag":false},"uagb_author_info":{"display_name":"sini","author_link":"https:\/\/sinidavies.com\/fi\/author\/sini\/"},"uagb_comment_info":0,"uagb_excerpt":"2018 Book Chapter (in Finnish) &#8211; published in Motivaatio ja oppiminen Authors: Sini Riikonen (Davies),\u00a0Kati Sormunen,\u00a0Tiina Korhonen,\u00a0Kaiju Kangas,\u00a0Pirita Seitamaa-Hakkarainen,\u00a0Kai Hakkarainen Keywords: Cite: Riikonen, S., Sormunen, K., Korhonen, T., Kangas, K., Seitamaa-Hakkarainen, P., &amp; Hakkarainen, K.\u00a0(2018).\u00a0Ryhm\u00e4n oppimismotivaatio ja sitoutuminen yhteis\u00f6llisess\u00e4 keksint\u00f6projektissa. In K. Salmela-Aro (Ed.),\u00a0Motivaatio ja oppiminen\u00a0(pp. 161-180). PS-kustannus.","_links":{"self":[{"href":"https:\/\/sinidavies.com\/fi\/wp-json\/wp\/v2\/pages\/479","targetHints":{"allow":["GET"]}}],"collection":[{"href":"https:\/\/sinidavies.com\/fi\/wp-json\/wp\/v2\/pages"}],"about":[{"href":"https:\/\/sinidavies.com\/fi\/wp-json\/wp\/v2\/types\/page"}],"author":[{"embeddable":true,"href":"https:\/\/sinidavies.com\/fi\/wp-json\/wp\/v2\/users\/1"}],"replies":[{"embeddable":true,"href":"https:\/\/sinidavies.com\/fi\/wp-json\/wp\/v2\/comments?post=479"}],"version-history":[{"count":0,"href":"https:\/\/sinidavies.com\/fi\/wp-json\/wp\/v2\/pages\/479\/revisions"}],"up":[{"embeddable":true,"href":"https:\/\/sinidavies.com\/fi\/wp-json\/wp\/v2\/pages\/266"}],"wp:attachment":[{"href":"https:\/\/sinidavies.com\/fi\/wp-json\/wp\/v2\/media?parent=479"}],"wp:term":[{"taxonomy":"category","embeddable":true,"href":"https:\/\/sinidavies.com\/fi\/wp-json\/wp\/v2\/categories?post=479"},{"taxonomy":"post_tag","embeddable":true,"href":"https:\/\/sinidavies.com\/fi\/wp-json\/wp\/v2\/tags?post=479"}],"curies":[{"name":"wp","href":"https:\/\/api.w.org\/{rel}","templated":true}]}}